{"id":17801,"date":"2021-11-03T11:33:01","date_gmt":"2021-11-03T10:33:01","guid":{"rendered":"https:\/\/www.ministryofwalls.com\/?page_id=17801"},"modified":"2025-07-20T15:18:08","modified_gmt":"2025-07-20T13:18:08","slug":"legal-notice","status":"publish","type":"page","link":"https:\/\/www.ministryofwalls.com\/en\/legal-notice\/","title":{"rendered":"legal notice"},"content":{"rendered":"<div class=\"fusion-fullwidth fullwidth-box fusion-builder-row-1 fusion-flex-container nonhundred-percent-fullwidth non-hundred-percent-height-scrolling\" style=\"background-color: #0c1416;background-position: center center;background-repeat: no-repeat;border-width: 0px 0px 0px 0px;border-color:#3e3e3e;border-style:solid;\" ><div class=\"fusion-builder-row fusion-row fusion-flex-align-items-flex-start\" style=\"max-width:1445.6px;margin-left: calc(-4% \/ 2 );margin-right: calc(-4% \/ 2 );\"><div class=\"fusion-layout-column fusion_builder_column fusion-builder-column-0 fusion_builder_column_1_1 1_1 fusion-flex-column\"><div class=\"fusion-column-wrapper fusion-flex-justify-content-flex-start fusion-content-layout-column\" style=\"background-position:left top;background-repeat:no-repeat;-webkit-background-size:cover;-moz-background-size:cover;-o-background-size:cover;background-size:cover;padding: 0px 0px 0px 0px;\"><div class=\"fusion-text fusion-text-1\"><h1>Site Notice<\/h1>\n<h2>Information pursuant to Sect. 5 German Telemedia Act (TMG)<\/h2>\n<p>Ministry of Walls Frank Sczepurek und Thomas T\u00f6pfer GbR<br \/>\nWichheimer Str. 317<br \/>\n51067 K\u00f6ln<\/p>\n<p><strong>Represented by:<\/strong><br \/>\nFrank Sczepurek, Thomas T\u00f6pfer<\/p>\n<h2>Contact<\/h2>\n<p>Phone: <a href=\"tel:+4922197776677\">+49221 97776677<\/a><br \/>\nE-mail: <a href=\"mailto:info@ministryofwalls.com\">info@ministryofwalls.com<\/a><\/p>\n<h2>VAT ID<\/h2>\n<p>Sales tax identification number according to Sect. 27 a of the Sales Tax Law:<br \/>\nDE301281883<\/p>\n<h2>Person responsible for editorial<\/h2>\n<p>Frank Sczepurek, Thomas T\u00f6pfer<\/p>\n<h2>Dispute resolution proceedings in front of a consumer arbitration board<\/h2>\n<p>We participate in a dispute settlement procedure before a consumer arbitration board. The competent consumer arbitration board is Zentrum f\u00fcr Schlichtung e.V., Stra\u00dfburger Stra\u00dfe 8, 77694 Kehl am Rhein (<a href=\"https:\/\/www.verbraucher-schlichter.de\" target=\"_blank\" rel=\"noopener noreferrer\">https:\/\/www.verbraucher-schlichter.de<\/a>).<\/p>\n<\/div><\/div><style type=\"text\/css\">.fusion-body .fusion-builder-column-0{width:100% !important;margin-top : 0px;margin-bottom : 20px;}.fusion-builder-column-0 > .fusion-column-wrapper {padding-top : 0px !important;padding-right : 0px !important;margin-right : 1.92%;padding-bottom : 0px !important;padding-left : 0px !important;margin-left : 1.92%;}@media only screen and (max-width:1024px) {.fusion-body .fusion-builder-column-0{width:100% !important;order : 0;}.fusion-builder-column-0 > .fusion-column-wrapper {margin-right : 1.92%;margin-left : 1.92%;}}@media only screen and (max-width:640px) {.fusion-body .fusion-builder-column-0{width:100% !important;order : 0;}.fusion-builder-column-0 > .fusion-column-wrapper {margin-right : 1.92%;margin-left : 1.92%;}}<\/style><\/div><\/div><style type=\"text\/css\">.fusion-body .fusion-flex-container.fusion-builder-row-1{ padding-top : 0px;margin-top : 0px;padding-right : 0px;padding-bottom : 0px;margin-bottom : 0px;padding-left : 0px;}<\/style><\/div>\n","protected":false},"excerpt":{"rendered":"","protected":false},"author":1,"featured_media":0,"parent":0,"menu_order":0,"comment_status":"closed","ping_status":"closed","template":"","meta":[],"yoast_head":"<!-- This site is optimized with the Yoast SEO Premium plugin v20.4 (Yoast SEO v21.1) - https:\/\/yoast.com\/wordpress\/plugins\/seo\/ -->\n<title>legal notice | Ministry of Walls<\/title>\n<meta name=\"description\" content=\"On this page you will find the complete legal notice for the web portal of Ministry of Walls Frank Sczepurek und Thomas T\u00f6pfer GbR.\" \/>\n<meta name=\"robots\" content=\"noindex, follow\" \/>\n<meta property=\"og:locale\" content=\"en_US\" \/>\n<meta property=\"og:type\" content=\"article\" \/>\n<meta property=\"og:title\" content=\"legal notice\" \/>\n<meta property=\"og:description\" content=\"On this page you will find the complete legal notice for the web portal of Ministry of Walls Frank Sczepurek und Thomas T\u00f6pfer GbR.\" \/>\n<meta property=\"og:url\" content=\"https:\/\/www.ministryofwalls.com\/en\/legal-notice\/\" \/>\n<meta property=\"og:site_name\" content=\"Ministry of Walls\" \/>\n<meta property=\"article:publisher\" content=\"https:\/\/www.facebook.com\/ministryofwalls?fref=ts\" \/>\n<meta property=\"article:modified_time\" content=\"2025-07-20T13:18:08+00:00\" \/>\n<meta name=\"twitter:card\" content=\"summary_large_image\" \/>\n<meta name=\"twitter:site\" content=\"@ministryofwalls\" \/>\n<meta name=\"twitter:label1\" content=\"Est. reading time\" \/>\n\t<meta name=\"twitter:data1\" content=\"2 minutes\" \/>\n<script type=\"application\/ld+json\" class=\"yoast-schema-graph\">{\"@context\":\"https:\/\/schema.org\",\"@graph\":[{\"@type\":\"WebPage\",\"@id\":\"https:\/\/www.ministryofwalls.com\/en\/legal-notice\/\",\"url\":\"https:\/\/www.ministryofwalls.com\/en\/legal-notice\/\",\"name\":\"legal notice | Ministry of Walls\",\"isPartOf\":{\"@id\":\"https:\/\/www.ministryofwalls.com\/en\/#website\"},\"datePublished\":\"2021-11-03T10:33:01+00:00\",\"dateModified\":\"2025-07-20T13:18:08+00:00\",\"description\":\"On this page you will find the complete legal notice for the web portal of Ministry of Walls Frank Sczepurek und Thomas T\u00f6pfer GbR.\",\"breadcrumb\":{\"@id\":\"https:\/\/www.ministryofwalls.com\/en\/legal-notice\/#breadcrumb\"},\"inLanguage\":\"en-US\",\"potentialAction\":[{\"@type\":\"ReadAction\",\"target\":[\"https:\/\/www.ministryofwalls.com\/en\/legal-notice\/\"]}]},{\"@type\":\"BreadcrumbList\",\"@id\":\"https:\/\/www.ministryofwalls.com\/en\/legal-notice\/#breadcrumb\",\"itemListElement\":[{\"@type\":\"ListItem\",\"position\":1,\"name\":\"Startseite\",\"item\":\"https:\/\/www.ministryofwalls.com\/en\/\"},{\"@type\":\"ListItem\",\"position\":2,\"name\":\"legal notice\"}]},{\"@type\":\"WebSite\",\"@id\":\"https:\/\/www.ministryofwalls.com\/en\/#website\",\"url\":\"https:\/\/www.ministryofwalls.com\/en\/\",\"name\":\"Ministry of Walls\",\"description\":\"The Urban Art Broker\",\"publisher\":{\"@id\":\"https:\/\/www.ministryofwalls.com\/en\/#organization\"},\"potentialAction\":[{\"@type\":\"SearchAction\",\"target\":{\"@type\":\"EntryPoint\",\"urlTemplate\":\"https:\/\/www.ministryofwalls.com\/en\/?s={search_term_string}\"},\"query-input\":\"required name=search_term_string\"}],\"inLanguage\":\"en-US\"},{\"@type\":\"Organization\",\"@id\":\"https:\/\/www.ministryofwalls.com\/en\/#organization\",\"name\":\"Ministry of Walls\",\"url\":\"https:\/\/www.ministryofwalls.com\/en\/\",\"logo\":{\"@type\":\"ImageObject\",\"inLanguage\":\"en-US\",\"@id\":\"https:\/\/www.ministryofwalls.com\/en\/#\/schema\/logo\/image\/\",\"url\":\"https:\/\/www.ministryofwalls.com\/wp-content\/uploads\/2021\/08\/logo.png\",\"contentUrl\":\"https:\/\/www.ministryofwalls.com\/wp-content\/uploads\/2021\/08\/logo.png\",\"width\":336,\"height\":70,\"caption\":\"Ministry of Walls\"},\"image\":{\"@id\":\"https:\/\/www.ministryofwalls.com\/en\/#\/schema\/logo\/image\/\"},\"sameAs\":[\"https:\/\/www.facebook.com\/ministryofwalls?fref=ts\",\"https:\/\/twitter.com\/ministryofwalls\",\"https:\/\/instagram.com\/ministryofwalls\/\",\"https:\/\/www.pinterest.com\/ministryofwalls\/\"]}]}<\/script>\n<!-- \/ Yoast SEO Premium plugin. -->","yoast_head_json":{"title":"legal notice | Ministry of Walls","description":"On this page you will find the complete legal notice for the web portal of Ministry of Walls Frank Sczepurek und Thomas T\u00f6pfer GbR.","robots":{"index":"noindex","follow":"follow"},"og_locale":"en_US","og_type":"article","og_title":"legal notice","og_description":"On this page you will find the complete legal notice for the web portal of Ministry of Walls Frank Sczepurek und Thomas T\u00f6pfer GbR.","og_url":"https:\/\/www.ministryofwalls.com\/en\/legal-notice\/","og_site_name":"Ministry of Walls","article_publisher":"https:\/\/www.facebook.com\/ministryofwalls?fref=ts","article_modified_time":"2025-07-20T13:18:08+00:00","twitter_card":"summary_large_image","twitter_site":"@ministryofwalls","twitter_misc":{"Est. reading time":"2 minutes"},"schema":{"@context":"https:\/\/schema.org","@graph":[{"@type":"WebPage","@id":"https:\/\/www.ministryofwalls.com\/en\/legal-notice\/","url":"https:\/\/www.ministryofwalls.com\/en\/legal-notice\/","name":"legal notice | Ministry of Walls","isPartOf":{"@id":"https:\/\/www.ministryofwalls.com\/en\/#website"},"datePublished":"2021-11-03T10:33:01+00:00","dateModified":"2025-07-20T13:18:08+00:00","description":"On this page you will find the complete legal notice for the web portal of Ministry of Walls Frank Sczepurek und Thomas T\u00f6pfer GbR.","breadcrumb":{"@id":"https:\/\/www.ministryofwalls.com\/en\/legal-notice\/#breadcrumb"},"inLanguage":"en-US","potentialAction":[{"@type":"ReadAction","target":["https:\/\/www.ministryofwalls.com\/en\/legal-notice\/"]}]},{"@type":"BreadcrumbList","@id":"https:\/\/www.ministryofwalls.com\/en\/legal-notice\/#breadcrumb","itemListElement":[{"@type":"ListItem","position":1,"name":"Startseite","item":"https:\/\/www.ministryofwalls.com\/en\/"},{"@type":"ListItem","position":2,"name":"legal notice"}]},{"@type":"WebSite","@id":"https:\/\/www.ministryofwalls.com\/en\/#website","url":"https:\/\/www.ministryofwalls.com\/en\/","name":"Ministry of Walls","description":"The Urban Art Broker","publisher":{"@id":"https:\/\/www.ministryofwalls.com\/en\/#organization"},"potentialAction":[{"@type":"SearchAction","target":{"@type":"EntryPoint","urlTemplate":"https:\/\/www.ministryofwalls.com\/en\/?s={search_term_string}"},"query-input":"required name=search_term_string"}],"inLanguage":"en-US"},{"@type":"Organization","@id":"https:\/\/www.ministryofwalls.com\/en\/#organization","name":"Ministry of Walls","url":"https:\/\/www.ministryofwalls.com\/en\/","logo":{"@type":"ImageObject","inLanguage":"en-US","@id":"https:\/\/www.ministryofwalls.com\/en\/#\/schema\/logo\/image\/","url":"https:\/\/www.ministryofwalls.com\/wp-content\/uploads\/2021\/08\/logo.png","contentUrl":"https:\/\/www.ministryofwalls.com\/wp-content\/uploads\/2021\/08\/logo.png","width":336,"height":70,"caption":"Ministry of Walls"},"image":{"@id":"https:\/\/www.ministryofwalls.com\/en\/#\/schema\/logo\/image\/"},"sameAs":["https:\/\/www.facebook.com\/ministryofwalls?fref=ts","https:\/\/twitter.com\/ministryofwalls","https:\/\/instagram.com\/ministryofwalls\/","https:\/\/www.pinterest.com\/ministryofwalls\/"]}]}},"_links":{"self":[{"href":"https:\/\/www.ministryofwalls.com\/en\/wp-json\/wp\/v2\/pages\/17801"}],"collection":[{"href":"https:\/\/www.ministryofwalls.com\/en\/wp-json\/wp\/v2\/pages"}],"about":[{"href":"https:\/\/www.ministryofwalls.com\/en\/wp-json\/wp\/v2\/types\/page"}],"author":[{"embeddable":true,"href":"https:\/\/www.ministryofwalls.com\/en\/wp-json\/wp\/v2\/users\/1"}],"replies":[{"embeddable":true,"href":"https:\/\/www.ministryofwalls.com\/en\/wp-json\/wp\/v2\/comments?post=17801"}],"version-history":[{"count":1,"href":"https:\/\/www.ministryofwalls.com\/en\/wp-json\/wp\/v2\/pages\/17801\/revisions"}],"predecessor-version":[{"id":24758,"href":"https:\/\/www.ministryofwalls.com\/en\/wp-json\/wp\/v2\/pages\/17801\/revisions\/24758"}],"wp:attachment":[{"href":"https:\/\/www.ministryofwalls.com\/en\/wp-json\/wp\/v2\/media?parent=17801"}],"curies":[{"name":"wp","href":"https:\/\/api.w.org\/{rel}","templated":true}]}}