{"id":15928,"date":"2016-02-28T08:56:27","date_gmt":"2016-02-28T07:56:27","guid":{"rendered":"https:\/\/www.ministryofwalls.com\/produkt\/spqr-storetrek\/"},"modified":"2022-05-27T16:24:05","modified_gmt":"2022-05-27T14:24:05","slug":"spqr-storetrek","status":"publish","type":"product","link":"https:\/\/www.ministryofwalls.com\/en\/produkt\/spqr-storetrek\/","title":{"rendered":"SPQR &#8211; Storetrek"},"content":{"rendered":"<h2>SPQR &#8211; Storetrek<\/h2>\n<p>\nNot much is known about SPQR, a Bristol-born artist who, like many of his contemporaries, prefers not to reveal too much about himself. What is known, however, is that he presents himself more as a craftsman than an artist, one who is delighted to be part of the art world at a time when the public&#8217;s perception of street art has undergone a major change. A change that allowed this British artist to create his art under the light of day, without fear of legal repercussions.<br \/>\nIn addition, traditional art galleries began to open their doors to him. As a result, he began to incorporate many other types of media and genres, as all styles were now equally accepted. According to the artist, there is no intellectual snobbery as found in the &#8220;old&#8221; art world. His art has been exhibited in both the UK and the US.\n<\/p>\n<p>\nSPQR traditionally stands for the Latin phrase &#8220;Sen\u0101tus Populus que R\u014dm\u0101nus&#8221;, which roughly translates as &#8220;The Roman Senate and the People&#8221;. However, as the artist&#8217;s reputation grew, this acronym took on a whole new meaning, stemming from the milieu of street art. He owes his meteoric rise to his witty and somewhat darkly humorous socio-political stencils. Although, by the artist&#8217;s own admission, the results of his work are often confused with those of Banksy, SPQR still manages to work in a style all his own, seemingly with little effort.\n<\/p>\n<p>\nThus, he continues to provide social commentary with his art, using both his brute and gruff style, without losing sight of the whimsical side, to protest against everything that is wrong in the world and the social evils that prevail in the current state of humanity. These evils include a culture of surveillance and the manipulation of the brain by the media. These are sinister aspects of his work. On the positive side, there is his humour, wherein he inspires some acts of defiance against these ills.<\/p>\n","protected":false},"excerpt":{"rendered":"<p><span style=\"font-weight: 700;\">Artist:<\/span> SPQR<\/p>\n<p><span style=\"font-weight: 700;\">Title:<\/span> Storestrek<\/p>\n<p><span style=\"font-weight: 700;\">Year:<\/span> 2013<\/p>\n<p><span style=\"font-weight: 700;\">Size:<\/span> 20 cm x 52 cm (20.8 inch x 7.8 inch)<\/p>\n<p><span style=\"font-weight: 700;\">Medium:<\/span> Acrylic spray on canvas<\/p>\n<p><span style=\"font-weight: 700;\">Signed:<\/span> yes<\/p>\n","protected":false},"featured_media":11808,"template":"","meta":[],"product_cat":[119,177],"product_tag":[],"yoast_head":"<!-- This site is optimized with the Yoast SEO Premium plugin v20.4 (Yoast SEO v21.1) - https:\/\/yoast.com\/wordpress\/plugins\/seo\/ -->\n<title>SPQR - Storetrek | Ministry of Walls<\/title>\n<meta name=\"description\" content=\"SPQR - Storetrek - Year: 2013 - Size: 20 cm x 52 cm (20.8 inch x 7.8 inch) - Medium: Acrylic spray on canvas - Signed\" \/>\n<meta name=\"robots\" content=\"index, follow, max-snippet:-1, max-image-preview:large, max-video-preview:-1\" \/>\n<link rel=\"canonical\" href=\"https:\/\/www.ministryofwalls.com\/en\/produkt\/spqr-storetrek\/\" \/>\n<meta property=\"og:locale\" content=\"en_US\" \/>\n<meta property=\"og:type\" content=\"article\" \/>\n<meta property=\"og:title\" content=\"SPQR - Storetrek | Ministry of Walls\" \/>\n<meta property=\"og:description\" content=\"SPQR - Storetrek - Year: 2013 - Size: 20 cm x 52 cm (20.8 inch x 7.8 inch) - Medium: Acrylic spray on canvas - Signed\" \/>\n<meta property=\"og:url\" content=\"https:\/\/www.ministryofwalls.com\/en\/produkt\/spqr-storetrek\/\" \/>\n<meta property=\"og:site_name\" content=\"Ministry of Walls\" \/>\n<meta property=\"article:publisher\" content=\"https:\/\/www.facebook.com\/ministryofwalls?fref=ts\" \/>\n<meta property=\"article:modified_time\" content=\"2022-05-27T14:24:05+00:00\" \/>\n<meta property=\"og:image\" content=\"https:\/\/www.ministryofwalls.com\/wp-content\/uploads\/2021\/08\/SPQR_2013_storetrek_spraypaint-on-canvas_51x20cm_208x887_shop.jpg\" \/>\n\t<meta property=\"og:image:width\" content=\"215\" \/>\n\t<meta property=\"og:image:height\" content=\"567\" \/>\n\t<meta property=\"og:image:type\" content=\"image\/jpeg\" \/>\n<meta name=\"twitter:card\" content=\"summary_large_image\" \/>\n<meta name=\"twitter:title\" content=\"SPQR - Storetrek | Ministry of Walls\" \/>\n<meta name=\"twitter:site\" content=\"@ministryofwalls\" \/>\n<meta name=\"twitter:label1\" content=\"Price\" \/>\n\t<meta name=\"twitter:data1\" content=\"\" \/>\n\t<meta name=\"twitter:label2\" content=\"Availability\" \/>\n\t<meta name=\"twitter:data2\" content=\"Out of stock\" \/>\n<script type=\"application\/ld+json\" class=\"yoast-schema-graph\">{\"@context\":\"https:\/\/schema.org\",\"@graph\":[{\"@type\":\"WebPage\",\"@id\":\"https:\/\/www.ministryofwalls.com\/en\/produkt\/spqr-storetrek\/\",\"url\":\"https:\/\/www.ministryofwalls.com\/en\/produkt\/spqr-storetrek\/\",\"name\":\"SPQR - Storetrek | Ministry of Walls\",\"isPartOf\":{\"@id\":\"https:\/\/www.ministryofwalls.com\/en\/#website\"},\"datePublished\":\"2016-02-28T07:56:27+00:00\",\"dateModified\":\"2022-05-27T14:24:05+00:00\",\"description\":\"SPQR - Storetrek - Year: 2013 - Size: 20 cm x 52 cm (20.8 inch x 7.8 inch) - Medium: Acrylic spray on canvas - Signed\",\"breadcrumb\":{\"@id\":\"https:\/\/www.ministryofwalls.com\/en\/produkt\/spqr-storetrek\/#breadcrumb\"},\"inLanguage\":\"en-US\",\"potentialAction\":[{\"@type\":\"ReadAction\",\"target\":[\"https:\/\/www.ministryofwalls.com\/en\/produkt\/spqr-storetrek\/\"]}]},{\"@type\":\"BreadcrumbList\",\"@id\":\"https:\/\/www.ministryofwalls.com\/en\/produkt\/spqr-storetrek\/#breadcrumb\",\"itemListElement\":[{\"@type\":\"ListItem\",\"position\":1,\"name\":\"Startseite\",\"item\":\"https:\/\/www.ministryofwalls.com\/en\/\"},{\"@type\":\"ListItem\",\"position\":2,\"name\":\"Shop\",\"item\":\"https:\/\/www.ministryofwalls.com\/en\/shop\/\"},{\"@type\":\"ListItem\",\"position\":3,\"name\":\"SPQR &#8211; Storetrek\"}]},{\"@type\":\"WebSite\",\"@id\":\"https:\/\/www.ministryofwalls.com\/en\/#website\",\"url\":\"https:\/\/www.ministryofwalls.com\/en\/\",\"name\":\"Ministry of Walls\",\"description\":\"The Urban Art Broker\",\"publisher\":{\"@id\":\"https:\/\/www.ministryofwalls.com\/en\/#organization\"},\"potentialAction\":[{\"@type\":\"SearchAction\",\"target\":{\"@type\":\"EntryPoint\",\"urlTemplate\":\"https:\/\/www.ministryofwalls.com\/en\/?s={search_term_string}\"},\"query-input\":\"required name=search_term_string\"}],\"inLanguage\":\"en-US\"},{\"@type\":\"Organization\",\"@id\":\"https:\/\/www.ministryofwalls.com\/en\/#organization\",\"name\":\"Ministry of Walls\",\"url\":\"https:\/\/www.ministryofwalls.com\/en\/\",\"logo\":{\"@type\":\"ImageObject\",\"inLanguage\":\"en-US\",\"@id\":\"https:\/\/www.ministryofwalls.com\/en\/#\/schema\/logo\/image\/\",\"url\":\"https:\/\/www.ministryofwalls.com\/wp-content\/uploads\/2021\/08\/logo.png\",\"contentUrl\":\"https:\/\/www.ministryofwalls.com\/wp-content\/uploads\/2021\/08\/logo.png\",\"width\":336,\"height\":70,\"caption\":\"Ministry of Walls\"},\"image\":{\"@id\":\"https:\/\/www.ministryofwalls.com\/en\/#\/schema\/logo\/image\/\"},\"sameAs\":[\"https:\/\/www.facebook.com\/ministryofwalls?fref=ts\",\"https:\/\/twitter.com\/ministryofwalls\",\"https:\/\/instagram.com\/ministryofwalls\/\",\"https:\/\/www.pinterest.com\/ministryofwalls\/\"]}]}<\/script>\n<meta property=\"product:price:amount\" content=\"0.00\" \/>\n<meta property=\"product:price:currency\" content=\"EUR\" \/>\n<meta property=\"og:availability\" content=\"out of stock\" \/>\n<meta property=\"product:availability\" content=\"out of stock\" \/>\n<meta property=\"product:condition\" content=\"new\" \/>\n<!-- \/ Yoast SEO Premium plugin. -->","yoast_head_json":{"title":"SPQR - Storetrek | Ministry of Walls","description":"SPQR - Storetrek - Year: 2013 - Size: 20 cm x 52 cm (20.8 inch x 7.8 inch) - Medium: Acrylic spray on canvas - Signed","robots":{"index":"index","follow":"follow","max-snippet":"max-snippet:-1","max-image-preview":"max-image-preview:large","max-video-preview":"max-video-preview:-1"},"canonical":"https:\/\/www.ministryofwalls.com\/en\/produkt\/spqr-storetrek\/","og_locale":"en_US","og_type":"article","og_title":"SPQR - Storetrek | Ministry of Walls","og_description":"SPQR - Storetrek - Year: 2013 - Size: 20 cm x 52 cm (20.8 inch x 7.8 inch) - Medium: Acrylic spray on canvas - Signed","og_url":"https:\/\/www.ministryofwalls.com\/en\/produkt\/spqr-storetrek\/","og_site_name":"Ministry of Walls","article_publisher":"https:\/\/www.facebook.com\/ministryofwalls?fref=ts","article_modified_time":"2022-05-27T14:24:05+00:00","og_image":[{"width":215,"height":567,"url":"https:\/\/www.ministryofwalls.com\/wp-content\/uploads\/2021\/08\/SPQR_2013_storetrek_spraypaint-on-canvas_51x20cm_208x887_shop.jpg","type":"image\/jpeg"}],"twitter_card":"summary_large_image","twitter_title":"SPQR - Storetrek | Ministry of Walls","twitter_site":"@ministryofwalls","twitter_misc":{"Price":"","Availability":"Out of stock"},"schema":{"@context":"https:\/\/schema.org","@graph":[{"@type":"WebPage","@id":"https:\/\/www.ministryofwalls.com\/en\/produkt\/spqr-storetrek\/","url":"https:\/\/www.ministryofwalls.com\/en\/produkt\/spqr-storetrek\/","name":"SPQR - Storetrek | Ministry of Walls","isPartOf":{"@id":"https:\/\/www.ministryofwalls.com\/en\/#website"},"datePublished":"2016-02-28T07:56:27+00:00","dateModified":"2022-05-27T14:24:05+00:00","description":"SPQR - Storetrek - Year: 2013 - Size: 20 cm x 52 cm (20.8 inch x 7.8 inch) - Medium: Acrylic spray on canvas - Signed","breadcrumb":{"@id":"https:\/\/www.ministryofwalls.com\/en\/produkt\/spqr-storetrek\/#breadcrumb"},"inLanguage":"en-US","potentialAction":[{"@type":"ReadAction","target":["https:\/\/www.ministryofwalls.com\/en\/produkt\/spqr-storetrek\/"]}]},{"@type":"BreadcrumbList","@id":"https:\/\/www.ministryofwalls.com\/en\/produkt\/spqr-storetrek\/#breadcrumb","itemListElement":[{"@type":"ListItem","position":1,"name":"Startseite","item":"https:\/\/www.ministryofwalls.com\/en\/"},{"@type":"ListItem","position":2,"name":"Shop","item":"https:\/\/www.ministryofwalls.com\/en\/shop\/"},{"@type":"ListItem","position":3,"name":"SPQR &#8211; Storetrek"}]},{"@type":"WebSite","@id":"https:\/\/www.ministryofwalls.com\/en\/#website","url":"https:\/\/www.ministryofwalls.com\/en\/","name":"Ministry of Walls","description":"The Urban Art Broker","publisher":{"@id":"https:\/\/www.ministryofwalls.com\/en\/#organization"},"potentialAction":[{"@type":"SearchAction","target":{"@type":"EntryPoint","urlTemplate":"https:\/\/www.ministryofwalls.com\/en\/?s={search_term_string}"},"query-input":"required name=search_term_string"}],"inLanguage":"en-US"},{"@type":"Organization","@id":"https:\/\/www.ministryofwalls.com\/en\/#organization","name":"Ministry of Walls","url":"https:\/\/www.ministryofwalls.com\/en\/","logo":{"@type":"ImageObject","inLanguage":"en-US","@id":"https:\/\/www.ministryofwalls.com\/en\/#\/schema\/logo\/image\/","url":"https:\/\/www.ministryofwalls.com\/wp-content\/uploads\/2021\/08\/logo.png","contentUrl":"https:\/\/www.ministryofwalls.com\/wp-content\/uploads\/2021\/08\/logo.png","width":336,"height":70,"caption":"Ministry of Walls"},"image":{"@id":"https:\/\/www.ministryofwalls.com\/en\/#\/schema\/logo\/image\/"},"sameAs":["https:\/\/www.facebook.com\/ministryofwalls?fref=ts","https:\/\/twitter.com\/ministryofwalls","https:\/\/instagram.com\/ministryofwalls\/","https:\/\/www.pinterest.com\/ministryofwalls\/"]}]},"product_price_amount":"0.00","product_price_currency":"EUR","og_availability":"out of stock","product_availability":"out of stock","product_condition":"new"},"df_price":"","df_sale_price":"","df_regular_price":"","df_image_link":"https:\/\/www.ministryofwalls.com\/wp-content\/uploads\/2021\/08\/SPQR_2013_storetrek_spraypaint-on-canvas_51x20cm_208x887_shop-114x300.jpg","_links":{"self":[{"href":"https:\/\/www.ministryofwalls.com\/en\/wp-json\/wp\/v2\/product\/15928"}],"collection":[{"href":"https:\/\/www.ministryofwalls.com\/en\/wp-json\/wp\/v2\/product"}],"about":[{"href":"https:\/\/www.ministryofwalls.com\/en\/wp-json\/wp\/v2\/types\/product"}],"wp:featuredmedia":[{"embeddable":true,"href":"https:\/\/www.ministryofwalls.com\/en\/wp-json\/wp\/v2\/media\/11808"}],"wp:attachment":[{"href":"https:\/\/www.ministryofwalls.com\/en\/wp-json\/wp\/v2\/media?parent=15928"}],"wp:term":[{"taxonomy":"product_cat","embeddable":true,"href":"https:\/\/www.ministryofwalls.com\/en\/wp-json\/wp\/v2\/product_cat?post=15928"},{"taxonomy":"product_tag","embeddable":true,"href":"https:\/\/www.ministryofwalls.com\/en\/wp-json\/wp\/v2\/product_tag?post=15928"}],"curies":[{"name":"wp","href":"https:\/\/api.w.org\/{rel}","templated":true}]}}