{"id":15978,"date":"2015-07-25T08:19:41","date_gmt":"2015-07-25T06:19:41","guid":{"rendered":"https:\/\/www.ministryofwalls.com\/produkt\/blek-le-rat-french-man\/"},"modified":"2022-04-27T15:43:38","modified_gmt":"2022-04-27T13:43:38","slug":"blek-le-rat-french-man","status":"publish","type":"product","link":"https:\/\/www.ministryofwalls.com\/en\/produkt\/blek-le-rat-french-man\/","title":{"rendered":"Blek le Rat &#8211; Man Who Walks Through Walls"},"content":{"rendered":"<h2>Blek le Rat &#8211; Man Who Walks Through Walls<\/h2>\n<p>Blek le Rat (real name: Xavier Prou) was born in 1951 in Boulogne-Billancourt, France. He is regarded as the forefather of stencil art (street art) in public space. Although punks had already used this technique to spread their graffiti before him. The pseudonym is based on the French comic character &#8220;Blek le Roc&#8221;.<\/p>\n<p>He studied graphic art and then architecture at the \u00c9cole des Beaux-Arts in Paris from 1971 to 1983. Blek le Rat first began together with his friend G\u00e9rard Dumas as the artist duo BLEK. In October 1981, they first tried to spray a freehand piece, but in his eyes this failed completely. After that he works with the stencil technique, which he has seen before. His first motifs were small-format works such as rats, tanks and bananas. At the end of 1983 the duo BLEK separated and Xavier Prou adopted the name BLEK LE RAT.<\/p>\n<p>Also in 1983, he sprayed his first large-format stencil. It shows an old man from Northern Ireland scolding British soldiers in an umbrella cap. He was using a photograph from the French newspaper &#8220;Lib\u00e9ration&#8221; as motif. Many other large-format works followed. From 1983, other pochoirists followed his example. The \u00c9cole de Blek le Rat postulated by the French newspaper &#8220;Le Monde&#8221; in 1987 included the pochoirists J\u00e9rome Mesnager, Marie Rouffet and many more.<\/p>\n<p>In addition to his hometown of Paris, he has worked in cities such as Berlin, Cologne, Leipzig, Wiesbaden, London, New York, San Francisco, Florence, Naples, Lisbon, Buenos Aires, Marrakesh and Munich.<\/p>\n","protected":false},"excerpt":{"rendered":"<p><span style=\"font-weight: 700;\">Artist:<\/span> Blek le Rat<\/p>\n<p><span style=\"font-weight: 700;\">Title:<\/span> Man Who Walks Through Walls<\/p>\n<p><span style=\"font-weight: 700;\">Year:<\/span> 2007<\/p>\n<p><span style=\"font-weight: 700;\">Size:<\/span> 72 cm x 52 cm (29 inch x 21 inch)<\/p>\n<p><span style=\"font-weight: 700;\">Medium:<\/span> Screenprint<\/p>\n<p><span style=\"font-weight: 700;\">Edition:<\/span> 250<\/p>\n<p><span style=\"font-weight: 700;\">Numbered:<\/span> Yes<\/p>\n<p><span style=\"font-weight: 700;\">Signed:<\/span> Yes<\/p>\n<p><span style=\"font-weight: 700;\">Framed:<\/span> Yes<\/p>\n<p><span style=\"font-weight: 700;\">COA:<\/span> Yes<\/p>\n","protected":false},"featured_media":20719,"template":"","meta":[],"product_cat":[119,173],"product_tag":[],"yoast_head":"<!-- This site is optimized with the Yoast SEO Premium plugin v20.4 (Yoast SEO v21.1) - https:\/\/yoast.com\/wordpress\/plugins\/seo\/ -->\n<title>Blek le Rat - Man Who Walks Through Walls at Ministry of Walls<\/title>\n<meta name=\"description\" content=\"Blek le Rat - Man Who Walks Through Walls - 2007 - Size: 72 cm x 52 cm (29 inch x 21 inch) - Screenprint - Ministry of Walls\" \/>\n<meta name=\"robots\" content=\"index, follow, max-snippet:-1, max-image-preview:large, max-video-preview:-1\" \/>\n<link rel=\"canonical\" href=\"https:\/\/www.ministryofwalls.com\/en\/produkt\/blek-le-rat-french-man\/\" \/>\n<meta property=\"og:locale\" content=\"en_US\" \/>\n<meta property=\"og:type\" content=\"article\" \/>\n<meta property=\"og:title\" content=\"Blek le Rat - Man Who Walks Through Walls | Ministry of Walls\" \/>\n<meta property=\"og:description\" content=\"Blek le Rat - Man Who Walks Through Walls - 2007 - Size: 72 cm x 52 cm (29 inch x 21 inch) - Screenprint - Ministry of Walls\" \/>\n<meta property=\"og:url\" content=\"https:\/\/www.ministryofwalls.com\/en\/produkt\/blek-le-rat-french-man\/\" \/>\n<meta property=\"og:site_name\" content=\"Ministry of Walls\" \/>\n<meta property=\"article:publisher\" content=\"https:\/\/www.facebook.com\/ministryofwalls?fref=ts\" \/>\n<meta property=\"article:modified_time\" content=\"2022-04-27T13:43:38+00:00\" \/>\n<meta property=\"og:image\" content=\"https:\/\/www.ministryofwalls.com\/wp-content\/uploads\/2015\/07\/Blek-le-Rat-Man-Who-Walks-Through-Walls-72cm-x-52cm-Siebdruck-2008-Ministryofwalls-Streetart-Gallery.jpg\" \/>\n\t<meta property=\"og:image:width\" content=\"500\" \/>\n\t<meta property=\"og:image:height\" content=\"705\" \/>\n\t<meta property=\"og:image:type\" content=\"image\/jpeg\" \/>\n<meta name=\"twitter:card\" content=\"summary_large_image\" \/>\n<meta name=\"twitter:title\" content=\"Blek le Rat - Man Who Walks Through Walls | Ministry of Walls\" \/>\n<meta name=\"twitter:site\" content=\"@ministryofwalls\" \/>\n<meta name=\"twitter:label1\" content=\"Price\" \/>\n\t<meta name=\"twitter:data1\" content=\"\" \/>\n\t<meta name=\"twitter:label2\" content=\"Availability\" \/>\n\t<meta name=\"twitter:data2\" content=\"Out of stock\" \/>\n<script type=\"application\/ld+json\" class=\"yoast-schema-graph\">{\"@context\":\"https:\/\/schema.org\",\"@graph\":[{\"@type\":\"WebPage\",\"@id\":\"https:\/\/www.ministryofwalls.com\/en\/produkt\/blek-le-rat-french-man\/\",\"url\":\"https:\/\/www.ministryofwalls.com\/en\/produkt\/blek-le-rat-french-man\/\",\"name\":\"Blek le Rat - Man Who Walks Through Walls at Ministry of Walls\",\"isPartOf\":{\"@id\":\"https:\/\/www.ministryofwalls.com\/en\/#website\"},\"datePublished\":\"2015-07-25T06:19:41+00:00\",\"dateModified\":\"2022-04-27T13:43:38+00:00\",\"description\":\"Blek le Rat - Man Who Walks Through Walls - 2007 - Size: 72 cm x 52 cm (29 inch x 21 inch) - Screenprint - Ministry of Walls\",\"breadcrumb\":{\"@id\":\"https:\/\/www.ministryofwalls.com\/en\/produkt\/blek-le-rat-french-man\/#breadcrumb\"},\"inLanguage\":\"en-US\",\"potentialAction\":[{\"@type\":\"ReadAction\",\"target\":[\"https:\/\/www.ministryofwalls.com\/en\/produkt\/blek-le-rat-french-man\/\"]}]},{\"@type\":\"BreadcrumbList\",\"@id\":\"https:\/\/www.ministryofwalls.com\/en\/produkt\/blek-le-rat-french-man\/#breadcrumb\",\"itemListElement\":[{\"@type\":\"ListItem\",\"position\":1,\"name\":\"Startseite\",\"item\":\"https:\/\/www.ministryofwalls.com\/en\/\"},{\"@type\":\"ListItem\",\"position\":2,\"name\":\"Shop\",\"item\":\"https:\/\/www.ministryofwalls.com\/en\/shop\/\"},{\"@type\":\"ListItem\",\"position\":3,\"name\":\"Blek le Rat &#8211; Man Who Walks Through Walls\"}]},{\"@type\":\"WebSite\",\"@id\":\"https:\/\/www.ministryofwalls.com\/en\/#website\",\"url\":\"https:\/\/www.ministryofwalls.com\/en\/\",\"name\":\"Ministry of Walls\",\"description\":\"The Urban Art Broker\",\"publisher\":{\"@id\":\"https:\/\/www.ministryofwalls.com\/en\/#organization\"},\"potentialAction\":[{\"@type\":\"SearchAction\",\"target\":{\"@type\":\"EntryPoint\",\"urlTemplate\":\"https:\/\/www.ministryofwalls.com\/en\/?s={search_term_string}\"},\"query-input\":\"required name=search_term_string\"}],\"inLanguage\":\"en-US\"},{\"@type\":\"Organization\",\"@id\":\"https:\/\/www.ministryofwalls.com\/en\/#organization\",\"name\":\"Ministry of Walls\",\"url\":\"https:\/\/www.ministryofwalls.com\/en\/\",\"logo\":{\"@type\":\"ImageObject\",\"inLanguage\":\"en-US\",\"@id\":\"https:\/\/www.ministryofwalls.com\/en\/#\/schema\/logo\/image\/\",\"url\":\"https:\/\/www.ministryofwalls.com\/wp-content\/uploads\/2021\/08\/logo.png\",\"contentUrl\":\"https:\/\/www.ministryofwalls.com\/wp-content\/uploads\/2021\/08\/logo.png\",\"width\":336,\"height\":70,\"caption\":\"Ministry of Walls\"},\"image\":{\"@id\":\"https:\/\/www.ministryofwalls.com\/en\/#\/schema\/logo\/image\/\"},\"sameAs\":[\"https:\/\/www.facebook.com\/ministryofwalls?fref=ts\",\"https:\/\/twitter.com\/ministryofwalls\",\"https:\/\/instagram.com\/ministryofwalls\/\",\"https:\/\/www.pinterest.com\/ministryofwalls\/\"]}]}<\/script>\n<meta property=\"product:price:amount\" content=\"0.00\" \/>\n<meta property=\"product:price:currency\" content=\"EUR\" \/>\n<meta property=\"og:availability\" content=\"out of stock\" \/>\n<meta property=\"product:availability\" content=\"out of stock\" \/>\n<meta property=\"product:condition\" content=\"new\" \/>\n<!-- \/ Yoast SEO Premium plugin. -->","yoast_head_json":{"title":"Blek le Rat - Man Who Walks Through Walls at Ministry of Walls","description":"Blek le Rat - Man Who Walks Through Walls - 2007 - Size: 72 cm x 52 cm (29 inch x 21 inch) - Screenprint - Ministry of Walls","robots":{"index":"index","follow":"follow","max-snippet":"max-snippet:-1","max-image-preview":"max-image-preview:large","max-video-preview":"max-video-preview:-1"},"canonical":"https:\/\/www.ministryofwalls.com\/en\/produkt\/blek-le-rat-french-man\/","og_locale":"en_US","og_type":"article","og_title":"Blek le Rat - Man Who Walks Through Walls | Ministry of Walls","og_description":"Blek le Rat - Man Who Walks Through Walls - 2007 - Size: 72 cm x 52 cm (29 inch x 21 inch) - Screenprint - Ministry of Walls","og_url":"https:\/\/www.ministryofwalls.com\/en\/produkt\/blek-le-rat-french-man\/","og_site_name":"Ministry of Walls","article_publisher":"https:\/\/www.facebook.com\/ministryofwalls?fref=ts","article_modified_time":"2022-04-27T13:43:38+00:00","og_image":[{"width":500,"height":705,"url":"https:\/\/www.ministryofwalls.com\/wp-content\/uploads\/2015\/07\/Blek-le-Rat-Man-Who-Walks-Through-Walls-72cm-x-52cm-Siebdruck-2008-Ministryofwalls-Streetart-Gallery.jpg","type":"image\/jpeg"}],"twitter_card":"summary_large_image","twitter_title":"Blek le Rat - Man Who Walks Through Walls | Ministry of Walls","twitter_site":"@ministryofwalls","twitter_misc":{"Price":"","Availability":"Out of stock"},"schema":{"@context":"https:\/\/schema.org","@graph":[{"@type":"WebPage","@id":"https:\/\/www.ministryofwalls.com\/en\/produkt\/blek-le-rat-french-man\/","url":"https:\/\/www.ministryofwalls.com\/en\/produkt\/blek-le-rat-french-man\/","name":"Blek le Rat - Man Who Walks Through Walls at Ministry of Walls","isPartOf":{"@id":"https:\/\/www.ministryofwalls.com\/en\/#website"},"datePublished":"2015-07-25T06:19:41+00:00","dateModified":"2022-04-27T13:43:38+00:00","description":"Blek le Rat - Man Who Walks Through Walls - 2007 - Size: 72 cm x 52 cm (29 inch x 21 inch) - Screenprint - Ministry of Walls","breadcrumb":{"@id":"https:\/\/www.ministryofwalls.com\/en\/produkt\/blek-le-rat-french-man\/#breadcrumb"},"inLanguage":"en-US","potentialAction":[{"@type":"ReadAction","target":["https:\/\/www.ministryofwalls.com\/en\/produkt\/blek-le-rat-french-man\/"]}]},{"@type":"BreadcrumbList","@id":"https:\/\/www.ministryofwalls.com\/en\/produkt\/blek-le-rat-french-man\/#breadcrumb","itemListElement":[{"@type":"ListItem","position":1,"name":"Startseite","item":"https:\/\/www.ministryofwalls.com\/en\/"},{"@type":"ListItem","position":2,"name":"Shop","item":"https:\/\/www.ministryofwalls.com\/en\/shop\/"},{"@type":"ListItem","position":3,"name":"Blek le Rat &#8211; Man Who Walks Through Walls"}]},{"@type":"WebSite","@id":"https:\/\/www.ministryofwalls.com\/en\/#website","url":"https:\/\/www.ministryofwalls.com\/en\/","name":"Ministry of Walls","description":"The Urban Art Broker","publisher":{"@id":"https:\/\/www.ministryofwalls.com\/en\/#organization"},"potentialAction":[{"@type":"SearchAction","target":{"@type":"EntryPoint","urlTemplate":"https:\/\/www.ministryofwalls.com\/en\/?s={search_term_string}"},"query-input":"required name=search_term_string"}],"inLanguage":"en-US"},{"@type":"Organization","@id":"https:\/\/www.ministryofwalls.com\/en\/#organization","name":"Ministry of Walls","url":"https:\/\/www.ministryofwalls.com\/en\/","logo":{"@type":"ImageObject","inLanguage":"en-US","@id":"https:\/\/www.ministryofwalls.com\/en\/#\/schema\/logo\/image\/","url":"https:\/\/www.ministryofwalls.com\/wp-content\/uploads\/2021\/08\/logo.png","contentUrl":"https:\/\/www.ministryofwalls.com\/wp-content\/uploads\/2021\/08\/logo.png","width":336,"height":70,"caption":"Ministry of Walls"},"image":{"@id":"https:\/\/www.ministryofwalls.com\/en\/#\/schema\/logo\/image\/"},"sameAs":["https:\/\/www.facebook.com\/ministryofwalls?fref=ts","https:\/\/twitter.com\/ministryofwalls","https:\/\/instagram.com\/ministryofwalls\/","https:\/\/www.pinterest.com\/ministryofwalls\/"]}]},"product_price_amount":"0.00","product_price_currency":"EUR","og_availability":"out of stock","product_availability":"out of stock","product_condition":"new"},"df_price":"","df_sale_price":"","df_regular_price":"","df_image_link":"https:\/\/www.ministryofwalls.com\/wp-content\/uploads\/2015\/07\/Blek-le-Rat-Man-Who-Walks-Through-Walls-72cm-x-52cm-Siebdruck-2008-Ministryofwalls-Streetart-Gallery-213x300.jpg","_links":{"self":[{"href":"https:\/\/www.ministryofwalls.com\/en\/wp-json\/wp\/v2\/product\/15978"}],"collection":[{"href":"https:\/\/www.ministryofwalls.com\/en\/wp-json\/wp\/v2\/product"}],"about":[{"href":"https:\/\/www.ministryofwalls.com\/en\/wp-json\/wp\/v2\/types\/product"}],"wp:featuredmedia":[{"embeddable":true,"href":"https:\/\/www.ministryofwalls.com\/en\/wp-json\/wp\/v2\/media\/20719"}],"wp:attachment":[{"href":"https:\/\/www.ministryofwalls.com\/en\/wp-json\/wp\/v2\/media?parent=15978"}],"wp:term":[{"taxonomy":"product_cat","embeddable":true,"href":"https:\/\/www.ministryofwalls.com\/en\/wp-json\/wp\/v2\/product_cat?post=15978"},{"taxonomy":"product_tag","embeddable":true,"href":"https:\/\/www.ministryofwalls.com\/en\/wp-json\/wp\/v2\/product_tag?post=15978"}],"curies":[{"name":"wp","href":"https:\/\/api.w.org\/{rel}","templated":true}]}}