{"id":21509,"date":"2021-10-15T12:05:07","date_gmt":"2021-10-15T10:05:07","guid":{"rendered":"https:\/\/www.ministryofwalls.com\/produkt\/fuggi-money\/"},"modified":"2022-04-28T14:29:56","modified_gmt":"2022-04-28T12:29:56","slug":"fuggi-money","status":"publish","type":"product","link":"https:\/\/www.ministryofwalls.com\/en\/produkt\/fuggi-money\/","title":{"rendered":"Fuggi &#8211; Money"},"content":{"rendered":"<h2>Fuggi &#8211; Money<\/h2>\n<p>Der gelernte Mediengestalter und Grafik-Designer provoziert und polarisiert gerne, vorallem mit seiner Kunst. Daniele Fuggiano, auch als \u201eFuggi\u201c bekannt, wurde in der K\u00f6lner S\u00fcdstadt geboren und dort aufgewachsen. Er hat schon im Kindergarten gerne gemalt und seine Vorbilder sind Michelangelo und Salvador Dal\u00ed. Nach der Realschule begann er eine Ausbildung, jedoch wurde er kurz darauf von zwei Firmen gek\u00fcndigt. Anschlie\u00dfend hat er eine Ausbildung zum Grafik-Designer begonnen und diese auch erfolgreich abgeschlossen. Seitdem arbeitet er als Freelancer.<\/p>\n<p>In seiner Freizeit betreibt Fuggi viel Fitness und spielt gerne Fu\u00dfball.<\/p>\n<p>Im November 2016 hatte Daniele eine Austellung in der \u201eBrick Lane Gallery\u201c in London. Bei seinen Kunstwerken zeichnet er \u00fcberwiegend mit Bleistift. Au\u00dferdem illustriert er viel mit \u00d6lfarben.<\/p>\n<p>Fuggi hat nebenbei noch seine eigene Modekollektion, (Legends Collection) herausgebracht. Er designed Hoodies und T-Shirts im Hip-Hop Stil.<\/p>\n<p>Sein gr\u00f6\u00dftes Erfolgserlebnis bis jetzt ist allerdings auf Instagram zur\u00fcckzuf\u00fchren. Nachdem er eine Zeichnung von Snoop Dogg ver\u00f6ffentlicht hat, hat dieser sein Bild geliked und es danach sogar zweimal geteilt.<\/p>\n","protected":false},"excerpt":{"rendered":"<p><span style=\"font-weight: 700;\">Artist:<\/span> Fuggi<\/p>\n<p><span style=\"font-weight: 700;\">Title:<\/span> Money<\/p>\n<p><span style=\"font-weight: 700;\">Year:<\/span> 2019<\/p>\n<p><span style=\"font-weight: 700;\">Size:<\/span> 120cm x 80cm<\/p>\n<p><span style=\"font-weight: 700;\">Medium:<\/span> Oil on canvas<\/p>\n","protected":false},"featured_media":20289,"template":"","meta":[],"product_cat":[119,144],"product_tag":[],"yoast_head":"<!-- This site is optimized with the Yoast SEO Premium plugin v20.4 (Yoast SEO v21.1) - https:\/\/yoast.com\/wordpress\/plugins\/seo\/ -->\n<title>Fuggi - Money | Ministry of Walls<\/title>\n<meta name=\"description\" content=\"Fuggi - Money - Year: 2019 - Medium: Oil paint on Canvas- Size: 120cm x 80cm - Ministry of Walls Street Art Gallery\" \/>\n<meta name=\"robots\" content=\"index, follow, max-snippet:-1, max-image-preview:large, max-video-preview:-1\" \/>\n<link rel=\"canonical\" href=\"https:\/\/www.ministryofwalls.com\/en\/produkt\/fuggi-money\/\" \/>\n<meta property=\"og:locale\" content=\"en_US\" \/>\n<meta property=\"og:type\" content=\"article\" \/>\n<meta property=\"og:title\" content=\"Fuggi - Money | Ministry of Walls\" \/>\n<meta property=\"og:description\" content=\"Fuggi - Money - Year: 2019 - Medium: Oil paint on Canvas- Size: 120cm x 80cm - Ministry of Walls Street Art Gallery\" \/>\n<meta property=\"og:url\" content=\"https:\/\/www.ministryofwalls.com\/en\/produkt\/fuggi-money\/\" \/>\n<meta property=\"og:site_name\" content=\"Ministry of Walls\" \/>\n<meta property=\"article:publisher\" content=\"https:\/\/www.facebook.com\/ministryofwalls?fref=ts\" \/>\n<meta property=\"article:modified_time\" content=\"2022-04-28T12:29:56+00:00\" \/>\n<meta property=\"og:image\" content=\"https:\/\/www.ministryofwalls.com\/wp-content\/uploads\/2021\/10\/Fuggi-Money-120cm-x-80cm-Oel-auf-Leinwand-Ministryofwalls-Streetart-Gallery.jpg\" \/>\n\t<meta property=\"og:image:width\" content=\"788\" \/>\n\t<meta property=\"og:image:height\" content=\"500\" \/>\n\t<meta property=\"og:image:type\" content=\"image\/jpeg\" \/>\n<meta name=\"twitter:card\" content=\"summary_large_image\" \/>\n<meta name=\"twitter:title\" content=\"Fuggi - Money | Ministry of Walls\" \/>\n<meta name=\"twitter:site\" content=\"@ministryofwalls\" \/>\n<meta name=\"twitter:label1\" content=\"Price\" \/>\n\t<meta name=\"twitter:data1\" content=\"3.950,00&nbsp;&euro;\" \/>\n\t<meta name=\"twitter:label2\" content=\"Availability\" \/>\n\t<meta name=\"twitter:data2\" content=\"In stock\" \/>\n<script type=\"application\/ld+json\" class=\"yoast-schema-graph\">{\"@context\":\"https:\/\/schema.org\",\"@graph\":[{\"@type\":\"WebPage\",\"@id\":\"https:\/\/www.ministryofwalls.com\/en\/produkt\/fuggi-money\/\",\"url\":\"https:\/\/www.ministryofwalls.com\/en\/produkt\/fuggi-money\/\",\"name\":\"Fuggi - Money | Ministry of Walls\",\"isPartOf\":{\"@id\":\"https:\/\/www.ministryofwalls.com\/en\/#website\"},\"datePublished\":\"2021-10-15T10:05:07+00:00\",\"dateModified\":\"2022-04-28T12:29:56+00:00\",\"description\":\"Fuggi - Money - Year: 2019 - Medium: Oil paint on Canvas- Size: 120cm x 80cm - Ministry of Walls Street Art Gallery\",\"breadcrumb\":{\"@id\":\"https:\/\/www.ministryofwalls.com\/en\/produkt\/fuggi-money\/#breadcrumb\"},\"inLanguage\":\"en-US\",\"potentialAction\":[{\"@type\":\"ReadAction\",\"target\":[\"https:\/\/www.ministryofwalls.com\/en\/produkt\/fuggi-money\/\"]}]},{\"@type\":\"BreadcrumbList\",\"@id\":\"https:\/\/www.ministryofwalls.com\/en\/produkt\/fuggi-money\/#breadcrumb\",\"itemListElement\":[{\"@type\":\"ListItem\",\"position\":1,\"name\":\"Startseite\",\"item\":\"https:\/\/www.ministryofwalls.com\/en\/\"},{\"@type\":\"ListItem\",\"position\":2,\"name\":\"Shop\",\"item\":\"https:\/\/www.ministryofwalls.com\/en\/shop\/\"},{\"@type\":\"ListItem\",\"position\":3,\"name\":\"Fuggi &#8211; Money\"}]},{\"@type\":\"WebSite\",\"@id\":\"https:\/\/www.ministryofwalls.com\/en\/#website\",\"url\":\"https:\/\/www.ministryofwalls.com\/en\/\",\"name\":\"Ministry of Walls\",\"description\":\"The Urban Art Broker\",\"publisher\":{\"@id\":\"https:\/\/www.ministryofwalls.com\/en\/#organization\"},\"potentialAction\":[{\"@type\":\"SearchAction\",\"target\":{\"@type\":\"EntryPoint\",\"urlTemplate\":\"https:\/\/www.ministryofwalls.com\/en\/?s={search_term_string}\"},\"query-input\":\"required name=search_term_string\"}],\"inLanguage\":\"en-US\"},{\"@type\":\"Organization\",\"@id\":\"https:\/\/www.ministryofwalls.com\/en\/#organization\",\"name\":\"Ministry of Walls\",\"url\":\"https:\/\/www.ministryofwalls.com\/en\/\",\"logo\":{\"@type\":\"ImageObject\",\"inLanguage\":\"en-US\",\"@id\":\"https:\/\/www.ministryofwalls.com\/en\/#\/schema\/logo\/image\/\",\"url\":\"https:\/\/www.ministryofwalls.com\/wp-content\/uploads\/2021\/08\/logo.png\",\"contentUrl\":\"https:\/\/www.ministryofwalls.com\/wp-content\/uploads\/2021\/08\/logo.png\",\"width\":336,\"height\":70,\"caption\":\"Ministry of Walls\"},\"image\":{\"@id\":\"https:\/\/www.ministryofwalls.com\/en\/#\/schema\/logo\/image\/\"},\"sameAs\":[\"https:\/\/www.facebook.com\/ministryofwalls?fref=ts\",\"https:\/\/twitter.com\/ministryofwalls\",\"https:\/\/instagram.com\/ministryofwalls\/\",\"https:\/\/www.pinterest.com\/ministryofwalls\/\"]}]}<\/script>\n<meta property=\"product:price:amount\" content=\"3950.00\" \/>\n<meta property=\"product:price:currency\" content=\"EUR\" \/>\n<meta property=\"og:availability\" content=\"instock\" \/>\n<meta property=\"product:availability\" content=\"instock\" \/>\n<meta property=\"product:condition\" content=\"new\" \/>\n<!-- \/ Yoast SEO Premium plugin. -->","yoast_head_json":{"title":"Fuggi - Money | Ministry of Walls","description":"Fuggi - Money - Year: 2019 - Medium: Oil paint on Canvas- Size: 120cm x 80cm - Ministry of Walls Street Art Gallery","robots":{"index":"index","follow":"follow","max-snippet":"max-snippet:-1","max-image-preview":"max-image-preview:large","max-video-preview":"max-video-preview:-1"},"canonical":"https:\/\/www.ministryofwalls.com\/en\/produkt\/fuggi-money\/","og_locale":"en_US","og_type":"article","og_title":"Fuggi - Money | Ministry of Walls","og_description":"Fuggi - Money - Year: 2019 - Medium: Oil paint on Canvas- Size: 120cm x 80cm - Ministry of Walls Street Art Gallery","og_url":"https:\/\/www.ministryofwalls.com\/en\/produkt\/fuggi-money\/","og_site_name":"Ministry of Walls","article_publisher":"https:\/\/www.facebook.com\/ministryofwalls?fref=ts","article_modified_time":"2022-04-28T12:29:56+00:00","og_image":[{"width":788,"height":500,"url":"https:\/\/www.ministryofwalls.com\/wp-content\/uploads\/2021\/10\/Fuggi-Money-120cm-x-80cm-Oel-auf-Leinwand-Ministryofwalls-Streetart-Gallery.jpg","type":"image\/jpeg"}],"twitter_card":"summary_large_image","twitter_title":"Fuggi - Money | Ministry of Walls","twitter_site":"@ministryofwalls","twitter_misc":{"Price":"3.950,00&nbsp;&euro;","Availability":"In stock"},"schema":{"@context":"https:\/\/schema.org","@graph":[{"@type":"WebPage","@id":"https:\/\/www.ministryofwalls.com\/en\/produkt\/fuggi-money\/","url":"https:\/\/www.ministryofwalls.com\/en\/produkt\/fuggi-money\/","name":"Fuggi - Money | Ministry of Walls","isPartOf":{"@id":"https:\/\/www.ministryofwalls.com\/en\/#website"},"datePublished":"2021-10-15T10:05:07+00:00","dateModified":"2022-04-28T12:29:56+00:00","description":"Fuggi - Money - Year: 2019 - Medium: Oil paint on Canvas- Size: 120cm x 80cm - Ministry of Walls Street Art Gallery","breadcrumb":{"@id":"https:\/\/www.ministryofwalls.com\/en\/produkt\/fuggi-money\/#breadcrumb"},"inLanguage":"en-US","potentialAction":[{"@type":"ReadAction","target":["https:\/\/www.ministryofwalls.com\/en\/produkt\/fuggi-money\/"]}]},{"@type":"BreadcrumbList","@id":"https:\/\/www.ministryofwalls.com\/en\/produkt\/fuggi-money\/#breadcrumb","itemListElement":[{"@type":"ListItem","position":1,"name":"Startseite","item":"https:\/\/www.ministryofwalls.com\/en\/"},{"@type":"ListItem","position":2,"name":"Shop","item":"https:\/\/www.ministryofwalls.com\/en\/shop\/"},{"@type":"ListItem","position":3,"name":"Fuggi &#8211; Money"}]},{"@type":"WebSite","@id":"https:\/\/www.ministryofwalls.com\/en\/#website","url":"https:\/\/www.ministryofwalls.com\/en\/","name":"Ministry of Walls","description":"The Urban Art Broker","publisher":{"@id":"https:\/\/www.ministryofwalls.com\/en\/#organization"},"potentialAction":[{"@type":"SearchAction","target":{"@type":"EntryPoint","urlTemplate":"https:\/\/www.ministryofwalls.com\/en\/?s={search_term_string}"},"query-input":"required name=search_term_string"}],"inLanguage":"en-US"},{"@type":"Organization","@id":"https:\/\/www.ministryofwalls.com\/en\/#organization","name":"Ministry of Walls","url":"https:\/\/www.ministryofwalls.com\/en\/","logo":{"@type":"ImageObject","inLanguage":"en-US","@id":"https:\/\/www.ministryofwalls.com\/en\/#\/schema\/logo\/image\/","url":"https:\/\/www.ministryofwalls.com\/wp-content\/uploads\/2021\/08\/logo.png","contentUrl":"https:\/\/www.ministryofwalls.com\/wp-content\/uploads\/2021\/08\/logo.png","width":336,"height":70,"caption":"Ministry of Walls"},"image":{"@id":"https:\/\/www.ministryofwalls.com\/en\/#\/schema\/logo\/image\/"},"sameAs":["https:\/\/www.facebook.com\/ministryofwalls?fref=ts","https:\/\/twitter.com\/ministryofwalls","https:\/\/instagram.com\/ministryofwalls\/","https:\/\/www.pinterest.com\/ministryofwalls\/"]}]},"product_price_amount":"3950.00","product_price_currency":"EUR","og_availability":"instock","product_availability":"instock","product_condition":"new"},"df_price":3950,"df_sale_price":"","df_regular_price":3950,"df_image_link":"https:\/\/www.ministryofwalls.com\/wp-content\/uploads\/2021\/10\/Fuggi-Money-120cm-x-80cm-Oel-auf-Leinwand-Ministryofwalls-Streetart-Gallery-300x190.jpg","_links":{"self":[{"href":"https:\/\/www.ministryofwalls.com\/en\/wp-json\/wp\/v2\/product\/21509"}],"collection":[{"href":"https:\/\/www.ministryofwalls.com\/en\/wp-json\/wp\/v2\/product"}],"about":[{"href":"https:\/\/www.ministryofwalls.com\/en\/wp-json\/wp\/v2\/types\/product"}],"wp:featuredmedia":[{"embeddable":true,"href":"https:\/\/www.ministryofwalls.com\/en\/wp-json\/wp\/v2\/media\/20289"}],"wp:attachment":[{"href":"https:\/\/www.ministryofwalls.com\/en\/wp-json\/wp\/v2\/media?parent=21509"}],"wp:term":[{"taxonomy":"product_cat","embeddable":true,"href":"https:\/\/www.ministryofwalls.com\/en\/wp-json\/wp\/v2\/product_cat?post=21509"},{"taxonomy":"product_tag","embeddable":true,"href":"https:\/\/www.ministryofwalls.com\/en\/wp-json\/wp\/v2\/product_tag?post=21509"}],"curies":[{"name":"wp","href":"https:\/\/api.w.org\/{rel}","templated":true}]}}